{"id":22,"date":"2024-12-24T00:31:07","date_gmt":"2024-12-24T00:31:07","guid":{"rendered":"https:\/\/mensagensqueinspiram.com.br\/?page_id=22"},"modified":"2024-12-24T00:43:10","modified_gmt":"2024-12-24T00:43:10","slug":"privacy-policy","status":"publish","type":"page","link":"https:\/\/mensagensqueinspiram.com.br\/en\/politica-de-privacidade\/","title":{"rendered":"Privacy Policy"},"content":{"rendered":"<div id=\"ez-toc-container\" class=\"ez-toc-v2_0_82_2 counter-hierarchy ez-toc-counter ez-toc-custom ez-toc-container-direction\">\n<div class=\"ez-toc-title-container\">\n<p class=\"ez-toc-title\" style=\"cursor:inherit\">Index<\/p>\n<span class=\"ez-toc-title-toggle\"><a href=\"#\" class=\"ez-toc-pull-right ez-toc-btn ez-toc-btn-xs ez-toc-btn-default ez-toc-toggle\" aria-label=\"Toggle Table of Content\"><span class=\"ez-toc-js-icon-con\"><span class=\"\"><span class=\"eztoc-hide\" style=\"display:none;\">Toggle<\/span><span class=\"ez-toc-icon-toggle-span\"><svg style=\"fill: #150042;color:#150042\" xmlns=\"http:\/\/www.w3.org\/2000\/svg\" class=\"list-377408\" width=\"20px\" height=\"20px\" viewbox=\"0 0 24 24\" fill=\"none\"><path d=\"M6 6H4v2h2V6zm14 0H8v2h12V6zM4 11h2v2H4v-2zm16 0H8v2h12v-2zM4 16h2v2H4v-2zm16 0H8v2h12v-2z\" fill=\"currentColor\"><\/path><\/svg><svg style=\"fill: #150042;color:#150042\" class=\"arrow-unsorted-368013\" xmlns=\"http:\/\/www.w3.org\/2000\/svg\" width=\"10px\" height=\"10px\" viewbox=\"0 0 24 24\" version=\"1.2\" baseprofile=\"tiny\"><path d=\"M18.2 9.3l-6.2-6.3-6.2 6.3c-.2.2-.3.4-.3.7s.1.5.3.7c.2.2.4.3.7.3h11c.3 0 .5-.1.7-.3.2-.2.3-.5.3-.7s-.1-.5-.3-.7zM5.8 14.7l6.2 6.3 6.2-6.3c.2-.2.3-.5.3-.7s-.1-.5-.3-.7c-.2-.2-.4-.3-.7-.3h-11c-.3 0-.5.1-.7.3-.2.2-.3.5-.3.7s.1.5.3.7z\"\/><\/svg><\/span><\/span><\/span><\/a><\/span><\/div>\n<nav><ul class='ez-toc-list ez-toc-list-level-1 eztoc-toggle-hide-by-default' ><li class='ez-toc-page-1 ez-toc-heading-level-2'><a class=\"ez-toc-link ez-toc-heading-1\" href=\"https:\/\/mensagensqueinspiram.com.br\/en\/politica-de-privacidade\/#Alteracoes_na_Politica_de_Privacidade\" >Changes to the Privacy Policy<\/a><\/li><li class='ez-toc-page-1 ez-toc-heading-level-2'><a class=\"ez-toc-link ez-toc-heading-2\" href=\"https:\/\/mensagensqueinspiram.com.br\/en\/politica-de-privacidade\/#Seus_direitos\" >Your rights:<\/a><\/li><li class='ez-toc-page-1 ez-toc-heading-level-2'><a class=\"ez-toc-link ez-toc-heading-3\" href=\"https:\/\/mensagensqueinspiram.com.br\/en\/politica-de-privacidade\/#Cookies_Etc\" >Cookies Etc.<\/a><\/li><li class='ez-toc-page-1 ez-toc-heading-level-2'><a class=\"ez-toc-link ez-toc-heading-4\" href=\"https:\/\/mensagensqueinspiram.com.br\/en\/politica-de-privacidade\/#Seguranca\" >Security:<\/a><\/li><li class='ez-toc-page-1 ez-toc-heading-level-2'><a class=\"ez-toc-link ez-toc-heading-5\" href=\"https:\/\/mensagensqueinspiram.com.br\/en\/politica-de-privacidade\/#Links_de_terceiros_e_uso_de_suas_informacoes\" >Third-party links and use of your information:<\/a><\/li><li class='ez-toc-page-1 ez-toc-heading-level-2'><a class=\"ez-toc-link ez-toc-heading-6\" href=\"https:\/\/mensagensqueinspiram.com.br\/en\/politica-de-privacidade\/#ReclamacoesResponsavel_pela_Protecao_de_Dados\" >Complaints\/Data Protection Officer:<\/a><\/li><\/ul><\/nav><\/div>\n\n<p>Last updated on 24-dec-2024<\/p>\n\n\n\n<p>A <strong><a href=\"https:\/\/mensagensqueinspiram.com.br\/en\/\">Messages that Inspire<\/a><\/strong> e-mail: mensagensqueinspiram04@gmail.com establishes in this Privacy Policy the guidelines for the collection, use and sharing of information obtained during the use of our website: <a href=\"https:\/\/mensagensqueinspiram.com.br\/en\/\">https:\/\/mensagensqueinspiram.com.br<\/a> (the \u201cService\u201d).<\/p>\n\n\n\n<p>By accessing or using the Service, you agree to the collection, use and sharing of your information as described in this Policy. If you do not agree to these terms, please do not access or use the Service.<\/p>\n\n\n\n<h2 class=\"wp-block-heading\"><span class=\"ez-toc-section\" id=\"Alteracoes_na_Politica_de_Privacidade\"><\/span>Changes to the Privacy Policy<span class=\"ez-toc-section-end\"><\/span><\/h2>\n\n\n\n<p>This Privacy Policy may be updated at any time without prior notice. The new version will be published on the website and will come into force 180 days after its publication. Continued use of the Service after this period will be deemed acceptance of the new Privacy Policy.<\/p>\n\n\n\n<p>We recommend that you review this page regularly to stay informed of possible changes.<\/p>\n\n\n\n<h2 class=\"wp-block-heading\"><span class=\"ez-toc-section\" id=\"Seus_direitos\"><\/span>Your rights:<span class=\"ez-toc-section-end\"><\/span><\/h2>\n\n\n\n<p>Depending on applicable law, you may have the right to access and rectify or erase your personal data or receive a copy of your personal data, restrict or object to the active processing of your data, request that we share (port) your personal information to another entity, withdraw any consent you have provided to us to process your data, the right to file a complaint with a statutory authority and other rights that may be relevant under applicable laws. <\/p>\n\n\n\n<p>To exercise these rights, you can write to us at mensagensqueinspiram04@gmail.com. We will respond to your request in accordance with applicable law.<\/p>\n\n\n\n<p>Please note that if you do not allow us to collect or process the necessary personal information or withdraw consent to process it for the necessary purposes, you may not be able to access or use the services for which your information was requested.<\/p>\n\n\n\n<h2 class=\"wp-block-heading\"><span class=\"ez-toc-section\" id=\"Cookies_Etc\"><\/span>Cookies Etc.<span class=\"ez-toc-section-end\"><\/span><\/h2>\n\n\n\n<p>To find out more about how we use these technologies and your choices in relation to them, please consult our <a href=\"https:\/\/mensagensqueinspiram.com.br\/en\/cookie-policy\/\" target=\"_blank\" rel=\"noreferrer noopener\">Cookie Policy<\/a>.<\/p>\n\n\n\n<h2 class=\"wp-block-heading\"><span class=\"ez-toc-section\" id=\"Seguranca\"><\/span>Security:<span class=\"ez-toc-section-end\"><\/span><\/h2>\n\n\n\n<p>The security of your information is important to us and we will use reasonable security measures to prevent the loss, misuse or unauthorized alteration of your information under our control. <\/p>\n\n\n\n<p>However, given the inherent risks, we cannot guarantee absolute security and, consequently, we cannot guarantee or warrant the security of any information you transmit to us, and you do so at your own risk.<\/p>\n\n\n\n<h2 class=\"wp-block-heading\"><span class=\"ez-toc-section\" id=\"Links_de_terceiros_e_uso_de_suas_informacoes\"><\/span>Third-party links and use of your information:<span class=\"ez-toc-section-end\"><\/span><\/h2>\n\n\n\n<p>Our Service may contain links to other websites that are not operated by us. This Privacy Policy does not address the privacy policy and other practices of third parties, including third parties that operate any website or service that may be accessed through a link on the Service. <\/p>\n\n\n\n<p>We strongly recommend that you review the privacy policy of each website you visit. We have no control over and assume no responsibility for the content, privacy policies or practices of any third-party websites or services.<\/p>\n\n\n\n<h2 class=\"wp-block-heading\"><span class=\"ez-toc-section\" id=\"ReclamacoesResponsavel_pela_Protecao_de_Dados\"><\/span>Complaints\/Data Protection Officer:<span class=\"ez-toc-section-end\"><\/span><\/h2>\n\n\n\n<p>If you have any questions or concerns about the processing of your information that is available with us, you can send an e-mail to our Complaints Officer at <a href=\"https:\/\/mensagensqueinspiram.com.br\/en\/\">Messages that Inspire<\/a>, e-mail: mensagensqueinspiram04@gmail.com. <\/p>\n\n\n\n<p>We will address your concerns in accordance with applicable law.<\/p>\n\n\n\n<p>Privacy Policy generated with CookieYes.<\/p>","protected":false},"excerpt":{"rendered":"<p>\u00daltima atualiza\u00e7\u00e3o em 24-dez-2024 A Mensagens que Inspiram e-mail: mensagensqueinspiram04@gmail.com estabelece nesta Pol\u00edtica de Privacidade as diretrizes para a coleta, uso e compartilhamento das informa\u00e7\u00f5es obtidas durante o uso do nosso site: https:\/\/mensagensqueinspiram.com.br (o &#8220;Servi\u00e7o&#8221;). Ao acessar ou utilizar o Servi\u00e7o, voc\u00ea concorda com a coleta, o uso e o compartilhamento das suas informa\u00e7\u00f5es conforme&#8230;<\/p>","protected":false},"author":1,"featured_media":0,"parent":0,"menu_order":0,"comment_status":"closed","ping_status":"closed","template":"","meta":{"rop_custom_images_group":[],"rop_custom_messages_group":[],"rop_publish_now":"initial","rop_publish_now_accounts":{"facebook_122186298128049666_540220039169035":""},"rop_publish_now_history":[],"rop_publish_now_status":"pending","rank_math_focus_keyword":"","rank_math_description":"","_kad_post_transparent":"","_kad_post_title":"","_kad_post_layout":"","_kad_post_sidebar_id":"","_kad_post_content_style":"","_kad_post_vertical_padding":"","_kad_post_feature":"","_kad_post_feature_position":"","_kad_post_header":false,"_kad_post_footer":false,"_kad_post_classname":"","footnotes":""},"class_list":["post-22","page","type-page","status-publish","hentry"],"jetpack_sharing_enabled":true,"_links":{"self":[{"href":"https:\/\/mensagensqueinspiram.com.br\/en\/wp-json\/wp\/v2\/pages\/22","targetHints":{"allow":["GET"]}}],"collection":[{"href":"https:\/\/mensagensqueinspiram.com.br\/en\/wp-json\/wp\/v2\/pages"}],"about":[{"href":"https:\/\/mensagensqueinspiram.com.br\/en\/wp-json\/wp\/v2\/types\/page"}],"author":[{"embeddable":true,"href":"https:\/\/mensagensqueinspiram.com.br\/en\/wp-json\/wp\/v2\/users\/1"}],"replies":[{"embeddable":true,"href":"https:\/\/mensagensqueinspiram.com.br\/en\/wp-json\/wp\/v2\/comments?post=22"}],"version-history":[{"count":4,"href":"https:\/\/mensagensqueinspiram.com.br\/en\/wp-json\/wp\/v2\/pages\/22\/revisions"}],"predecessor-version":[{"id":28,"href":"https:\/\/mensagensqueinspiram.com.br\/en\/wp-json\/wp\/v2\/pages\/22\/revisions\/28"}],"wp:attachment":[{"href":"https:\/\/mensagensqueinspiram.com.br\/en\/wp-json\/wp\/v2\/media?parent=22"}],"curies":[{"name":"wp","href":"https:\/\/api.w.org\/{rel}","templated":true}]}}