{"id":22,"date":"2024-12-24T00:31:07","date_gmt":"2024-12-24T00:31:07","guid":{"rendered":"https:\/\/mensagensqueinspiram.com.br\/?page_id=22"},"modified":"2024-12-24T00:43:10","modified_gmt":"2024-12-24T00:43:10","slug":"politica-de-privacidad","status":"publish","type":"page","link":"https:\/\/mensagensqueinspiram.com.br\/es\/politica-de-privacidade\/","title":{"rendered":"Pol\u00edtica de privacidad"},"content":{"rendered":"<div id=\"ez-toc-container\" class=\"ez-toc-v2_0_82_2 counter-hierarchy ez-toc-counter ez-toc-custom ez-toc-container-direction\">\n<div class=\"ez-toc-title-container\">\n<p class=\"ez-toc-title\" style=\"cursor:inherit\">\u00cdndice<\/p>\n<span class=\"ez-toc-title-toggle\"><a href=\"#\" class=\"ez-toc-pull-right ez-toc-btn ez-toc-btn-xs ez-toc-btn-default ez-toc-toggle\" aria-label=\"Cambiar la tabla de contenidos\"><span class=\"ez-toc-js-icon-con\"><span class=\"\"><span class=\"eztoc-hide\" style=\"display:none;\">Alternar<\/span><span class=\"ez-toc-icon-toggle-span\"><svg style=\"fill: #150042;color:#150042\" xmlns=\"http:\/\/www.w3.org\/2000\/svg\" class=\"list-377408\" width=\"20px\" height=\"20px\" viewbox=\"0 0 24 24\" fill=\"none\"><path d=\"M6 6H4v2h2V6zm14 0H8v2h12V6zM4 11h2v2H4v-2zm16 0H8v2h12v-2zM4 16h2v2H4v-2zm16 0H8v2h12v-2z\" fill=\"currentColor\"><\/path><\/svg><svg style=\"fill: #150042;color:#150042\" class=\"arrow-unsorted-368013\" xmlns=\"http:\/\/www.w3.org\/2000\/svg\" width=\"10px\" height=\"10px\" viewbox=\"0 0 24 24\" version=\"1.2\" baseprofile=\"tiny\"><path d=\"M18.2 9.3l-6.2-6.3-6.2 6.3c-.2.2-.3.4-.3.7s.1.5.3.7c.2.2.4.3.7.3h11c.3 0 .5-.1.7-.3.2-.2.3-.5.3-.7s-.1-.5-.3-.7zM5.8 14.7l6.2 6.3 6.2-6.3c.2-.2.3-.5.3-.7s-.1-.5-.3-.7c-.2-.2-.4-.3-.7-.3h-11c-.3 0-.5.1-.7.3-.2.2-.3.5-.3.7s.1.5.3.7z\"\/><\/svg><\/span><\/span><\/span><\/a><\/span><\/div>\n<nav><ul class='ez-toc-list ez-toc-list-level-1 eztoc-toggle-hide-by-default' ><li class='ez-toc-page-1 ez-toc-heading-level-2'><a class=\"ez-toc-link ez-toc-heading-1\" href=\"https:\/\/mensagensqueinspiram.com.br\/es\/politica-de-privacidade\/#Alteracoes_na_Politica_de_Privacidade\" >Cambios en la Pol\u00edtica de Privacidad<\/a><\/li><li class='ez-toc-page-1 ez-toc-heading-level-2'><a class=\"ez-toc-link ez-toc-heading-2\" href=\"https:\/\/mensagensqueinspiram.com.br\/es\/politica-de-privacidade\/#Seus_direitos\" >Sus derechos:<\/a><\/li><li class='ez-toc-page-1 ez-toc-heading-level-2'><a class=\"ez-toc-link ez-toc-heading-3\" href=\"https:\/\/mensagensqueinspiram.com.br\/es\/politica-de-privacidade\/#Cookies_Etc\" >Cookies, etc.<\/a><\/li><li class='ez-toc-page-1 ez-toc-heading-level-2'><a class=\"ez-toc-link ez-toc-heading-4\" href=\"https:\/\/mensagensqueinspiram.com.br\/es\/politica-de-privacidade\/#Seguranca\" >Seguridad:<\/a><\/li><li class='ez-toc-page-1 ez-toc-heading-level-2'><a class=\"ez-toc-link ez-toc-heading-5\" href=\"https:\/\/mensagensqueinspiram.com.br\/es\/politica-de-privacidade\/#Links_de_terceiros_e_uso_de_suas_informacoes\" >Enlaces de terceros y uso de su informaci\u00f3n:<\/a><\/li><li class='ez-toc-page-1 ez-toc-heading-level-2'><a class=\"ez-toc-link ez-toc-heading-6\" href=\"https:\/\/mensagensqueinspiram.com.br\/es\/politica-de-privacidade\/#ReclamacoesResponsavel_pela_Protecao_de_Dados\" >Reclamaciones\/Responsable de protecci\u00f3n de datos:<\/a><\/li><\/ul><\/nav><\/div>\n\n<p>\u00daltima actualizaci\u00f3n el 24 de diciembre de 2024.<\/p>\n\n\n\n<p>A <strong><a href=\"https:\/\/mensagensqueinspiram.com.br\/es\/\">Mensajes que inspiran<\/a><\/strong> Correo electr\u00f3nico: mensagensqueinspiram04@gmail.com establece en esta Pol\u00edtica de privacidad las directrices para la recopilaci\u00f3n, el uso y el intercambio de la informaci\u00f3n obtenida durante el uso de nuestro sitio web: <a href=\"https:\/\/mensagensqueinspiram.com.br\/es\/\">https:\/\/mensagensqueinspiram.com.br<\/a> (el \u201cServicio\u201d).<\/p>\n\n\n\n<p>Al acceder o utilizar el Servicio, usted acepta la recopilaci\u00f3n, el uso y el intercambio de su informaci\u00f3n tal y como se describe en esta Pol\u00edtica. Si no est\u00e1 de acuerdo con estos t\u00e9rminos, le rogamos que no acceda ni utilice el Servicio.<\/p>\n\n\n\n<h2 class=\"wp-block-heading\"><span class=\"ez-toc-section\" id=\"Alteracoes_na_Politica_de_Privacidade\"><\/span>Cambios en la Pol\u00edtica de Privacidad<span class=\"ez-toc-section-end\"><\/span><\/h2>\n\n\n\n<p>Esta Pol\u00edtica de Privacidad puede actualizarse en cualquier momento sin previo aviso. La nueva versi\u00f3n se publicar\u00e1 en el sitio web y entrar\u00e1 en vigor 180 d\u00edas despu\u00e9s de su publicaci\u00f3n. El uso continuado del Servicio despu\u00e9s de ese per\u00edodo se considerar\u00e1 como la aceptaci\u00f3n de la nueva Pol\u00edtica de Privacidad.<\/p>\n\n\n\n<p>Le recomendamos que revise esta p\u00e1gina peri\u00f3dicamente para mantenerse informado sobre posibles cambios.<\/p>\n\n\n\n<h2 class=\"wp-block-heading\"><span class=\"ez-toc-section\" id=\"Seus_direitos\"><\/span>Sus derechos:<span class=\"ez-toc-section-end\"><\/span><\/h2>\n\n\n\n<p>Dependiendo de la ley aplicable, usted puede tener derecho a acceder y rectificar o borrar sus datos personales o recibir una copia de sus datos personales, restringir u oponerse al tratamiento activo de sus datos, solicitar que compartamos (transfiramos) su informaci\u00f3n personal a otra entidad, retirar cualquier consentimiento que nos haya dado para tratar sus datos, el derecho a presentar una reclamaci\u00f3n ante una autoridad estatutaria y otros derechos que puedan ser relevantes en virtud de las leyes aplicables. <\/p>\n\n\n\n<p>Para ejercer estos derechos, puede escribirnos a mensagensqueinspiram04@gmail.com. Responderemos a su solicitud de acuerdo con la ley aplicable.<\/p>\n\n\n\n<p>Tenga en cuenta que si no nos permite recopilar o procesar la informaci\u00f3n personal necesaria, o si retira su consentimiento para procesarla para los fines necesarios, es posible que no pueda acceder o utilizar los servicios para los que se ha solicitado su informaci\u00f3n.<\/p>\n\n\n\n<h2 class=\"wp-block-heading\"><span class=\"ez-toc-section\" id=\"Cookies_Etc\"><\/span>Cookies, etc.<span class=\"ez-toc-section-end\"><\/span><\/h2>\n\n\n\n<p>Para obtener m\u00e1s informaci\u00f3n sobre c\u00f3mo utilizamos estas tecnolog\u00edas y sus opciones en relaci\u00f3n con ellas, consulte nuestra <a href=\"https:\/\/mensagensqueinspiram.com.br\/es\/politica-de-cookies\/\" target=\"_blank\" rel=\"noreferrer noopener\">Pol\u00edtica de cookies<\/a>.<\/p>\n\n\n\n<h2 class=\"wp-block-heading\"><span class=\"ez-toc-section\" id=\"Seguranca\"><\/span>Seguridad:<span class=\"ez-toc-section-end\"><\/span><\/h2>\n\n\n\n<p>La seguridad de su informaci\u00f3n es importante para nosotros y utilizaremos medidas de seguridad razonables para evitar la p\u00e9rdida, el uso indebido o la alteraci\u00f3n no autorizada de su informaci\u00f3n bajo nuestro control. <\/p>\n\n\n\n<p>Sin embargo, dados los riesgos inherentes, no podemos garantizar la seguridad absoluta y, por lo tanto, no podemos garantizar ni asegurar la seguridad de ninguna informaci\u00f3n que nos transmita, y usted lo hace bajo su propio riesgo.<\/p>\n\n\n\n<h2 class=\"wp-block-heading\"><span class=\"ez-toc-section\" id=\"Links_de_terceiros_e_uso_de_suas_informacoes\"><\/span>Enlaces de terceros y uso de su informaci\u00f3n:<span class=\"ez-toc-section-end\"><\/span><\/h2>\n\n\n\n<p>Nuestro servicio puede contener enlaces a otros sitios web que no son operados por nosotros. Esta Pol\u00edtica de privacidad no aborda la pol\u00edtica de privacidad ni otras pr\u00e1cticas de terceros, incluidos los terceros que operan cualquier sitio web o servicio al que se pueda acceder a trav\u00e9s de un enlace en el Servicio. <\/p>\n\n\n\n<p>Le recomendamos encarecidamente que revise la pol\u00edtica de privacidad de cada sitio web que visite. No tenemos control ni asumimos ninguna responsabilidad por el contenido, las pol\u00edticas de privacidad o las pr\u00e1cticas de ning\u00fan sitio web o servicio de terceros.<\/p>\n\n\n\n<h2 class=\"wp-block-heading\"><span class=\"ez-toc-section\" id=\"ReclamacoesResponsavel_pela_Protecao_de_Dados\"><\/span>Reclamaciones\/Responsable de protecci\u00f3n de datos:<span class=\"ez-toc-section-end\"><\/span><\/h2>\n\n\n\n<p>Si tiene alguna pregunta o inquietud sobre el procesamiento de su informaci\u00f3n que est\u00e1 disponible con nosotros, puede enviar un correo electr\u00f3nico a nuestro responsable de reclamaciones a <a href=\"https:\/\/mensagensqueinspiram.com.br\/es\/\">Mensajes que inspiran<\/a>, correo electr\u00f3nico: mensagensqueinspiram04@gmail.com. <\/p>\n\n\n\n<p>Abordaremos sus inquietudes de acuerdo con la ley aplicable.<\/p>\n\n\n\n<p>Pol\u00edtica de privacidad generada con CookieYes.<\/p>","protected":false},"excerpt":{"rendered":"<p>\u00daltima atualiza\u00e7\u00e3o em 24-dez-2024 A Mensagens que Inspiram e-mail: mensagensqueinspiram04@gmail.com estabelece nesta Pol\u00edtica de Privacidade as diretrizes para a coleta, uso e compartilhamento das informa\u00e7\u00f5es obtidas durante o uso do nosso site: https:\/\/mensagensqueinspiram.com.br (o &#8220;Servi\u00e7o&#8221;). Ao acessar ou utilizar o Servi\u00e7o, voc\u00ea concorda com a coleta, o uso e o compartilhamento das suas informa\u00e7\u00f5es conforme&#8230;<\/p>","protected":false},"author":1,"featured_media":0,"parent":0,"menu_order":0,"comment_status":"closed","ping_status":"closed","template":"","meta":{"rop_custom_images_group":[],"rop_custom_messages_group":[],"rop_publish_now":"initial","rop_publish_now_accounts":{"facebook_122186298128049666_540220039169035":""},"rop_publish_now_history":[],"rop_publish_now_status":"pending","rank_math_focus_keyword":"","rank_math_description":"","_kad_post_transparent":"","_kad_post_title":"","_kad_post_layout":"","_kad_post_sidebar_id":"","_kad_post_content_style":"","_kad_post_vertical_padding":"","_kad_post_feature":"","_kad_post_feature_position":"","_kad_post_header":false,"_kad_post_footer":false,"_kad_post_classname":"","footnotes":""},"class_list":["post-22","page","type-page","status-publish","hentry"],"jetpack_sharing_enabled":true,"_links":{"self":[{"href":"https:\/\/mensagensqueinspiram.com.br\/es\/wp-json\/wp\/v2\/pages\/22","targetHints":{"allow":["GET"]}}],"collection":[{"href":"https:\/\/mensagensqueinspiram.com.br\/es\/wp-json\/wp\/v2\/pages"}],"about":[{"href":"https:\/\/mensagensqueinspiram.com.br\/es\/wp-json\/wp\/v2\/types\/page"}],"author":[{"embeddable":true,"href":"https:\/\/mensagensqueinspiram.com.br\/es\/wp-json\/wp\/v2\/users\/1"}],"replies":[{"embeddable":true,"href":"https:\/\/mensagensqueinspiram.com.br\/es\/wp-json\/wp\/v2\/comments?post=22"}],"version-history":[{"count":4,"href":"https:\/\/mensagensqueinspiram.com.br\/es\/wp-json\/wp\/v2\/pages\/22\/revisions"}],"predecessor-version":[{"id":28,"href":"https:\/\/mensagensqueinspiram.com.br\/es\/wp-json\/wp\/v2\/pages\/22\/revisions\/28"}],"wp:attachment":[{"href":"https:\/\/mensagensqueinspiram.com.br\/es\/wp-json\/wp\/v2\/media?parent=22"}],"curies":[{"name":"wp","href":"https:\/\/api.w.org\/{rel}","templated":true}]}}