{"id":406,"date":"2025-01-04T13:56:46","date_gmt":"2025-01-04T16:56:46","guid":{"rendered":"https:\/\/mensagensqueinspiram.com.br\/?page_id=406"},"modified":"2025-01-04T13:56:50","modified_gmt":"2025-01-04T16:56:50","slug":"sobre-nosotros","status":"publish","type":"page","link":"https:\/\/mensagensqueinspiram.com.br\/es\/sobre-nos\/","title":{"rendered":"Acerca de nosotros"},"content":{"rendered":"<p>Bienvenido a <strong>\u201c<a href=\"https:\/\/mensagensqueinspiram.com.br\/es\/\">Mensajes que inspiran<\/a>\u201c!<\/strong><\/p>\n\n\n\n<p>Mi nombre es Jo\u00e3o Paulo, y soy el creador de este espacio dedicado a difundir <a href=\"https:\/\/mensagensqueinspiram.com.br\/es\/a-dose-diaria-de-inspiracao\/\">inspiraci\u00f3n<\/a>, <a href=\"https:\/\/mensagensqueinspiram.com.br\/es\/acredite-em-si-mesmo\/\">motivaci\u00f3n<\/a> e <a href=\"https:\/\/mensagensqueinspiram.com.br\/es\/a-forca-da-positividade\/\">positividad<\/a> a trav\u00e9s de las palabras. <\/p>\n\n\n\n<p>Desde siempre, me apasionan las frases memorables, los mensajes motivadores y las historias que llegan al coraz\u00f3n.<\/p>\n\n\n\n<p>Creo en el poder transformador de las palabras y en su capacidad para ayudarnos a ver la vida con nuevos ojos, superar retos y encontrar fuerza en las peque\u00f1as cosas.<\/p>\n\n\n\n<p>O <strong>\u201c<a href=\"https:\/\/mensagensqueinspiram.com.br\/es\/\">Mensajes que inspiran<\/a>\u201c<\/strong> naci\u00f3 de ese amor por compartir mensajes que despiertan emociones y traen consuelo. <\/p>\n\n\n\n<p>Aqu\u00ed encontrar\u00e1s una cuidada selecci\u00f3n de frases inspiradoras, textos reflexivos e historias emocionantes que tienen como objetivo iluminar tu d\u00eda y tocar tu alma.<\/p>\n\n\n\n<p>Este blog es m\u00e1s que un repositorio de palabras bonitas; es una invitaci\u00f3n para que reduzcas la velocidad, reflexiones y te conectes con lo que realmente importa. <\/p>\n\n\n\n<p>Es un espacio pensado para quienes buscan motivaci\u00f3n, una perspectiva renovada o simplemente un momento de descanso en medio del ajetreo del d\u00eda a d\u00eda.<\/p>\n\n\n\n<p>Si quieres saber m\u00e1s sobre el blog, colaborar o simplemente intercambiar ideas, siempre estoy abierto al di\u00e1logo. <\/p>\n\n\n\n<p>Para ello, puede rellenar nuestro formulario de contacto haciendo clic en el siguiente enlace:<br>\ud83d\udc49 <a href=\"https:\/\/mensagensqueinspiram.com.br\/es\/formulario-de-contacto\/\">Formulario de contacto<\/a><\/p>\n\n\n\n<p>Si\u00e9ntete como en casa, explora el contenido y d\u00e9jate inspirar. \u00a1Gracias por acompa\u00f1arme en este viaje! \ud83c\udf1f<\/p>","protected":false},"excerpt":{"rendered":"<p>Bem-vindo ao &#8220;Mensagens que Inspiram&#8220;! Meu nome \u00e9 Jo\u00e3o Paulo, e sou o criador deste espa\u00e7o dedicado a espalhar inspira\u00e7\u00e3o, motiva\u00e7\u00e3o e positividade atrav\u00e9s de palavras. Desde sempre, sou apaixonado por frases marcantes, mensagens motivacionais e hist\u00f3rias que tocam o cora\u00e7\u00e3o. Acredito no poder transformador das palavras e na capacidade que elas t\u00eam de nos&#8230;<\/p>","protected":false},"author":1,"featured_media":0,"parent":0,"menu_order":0,"comment_status":"closed","ping_status":"closed","template":"","meta":{"rop_custom_images_group":[],"rop_custom_messages_group":[],"rop_publish_now":"initial","rop_publish_now_accounts":{"facebook_122186298128049666_540220039169035":""},"rop_publish_now_history":[],"rop_publish_now_status":"pending","rank_math_focus_keyword":"Sobre N\u00f3s","rank_math_description":"","_kad_post_transparent":"","_kad_post_title":"","_kad_post_layout":"","_kad_post_sidebar_id":"","_kad_post_content_style":"","_kad_post_vertical_padding":"","_kad_post_feature":"","_kad_post_feature_position":"","_kad_post_header":false,"_kad_post_footer":false,"_kad_post_classname":"","footnotes":""},"class_list":["post-406","page","type-page","status-publish","hentry"],"jetpack_sharing_enabled":true,"_links":{"self":[{"href":"https:\/\/mensagensqueinspiram.com.br\/es\/wp-json\/wp\/v2\/pages\/406","targetHints":{"allow":["GET"]}}],"collection":[{"href":"https:\/\/mensagensqueinspiram.com.br\/es\/wp-json\/wp\/v2\/pages"}],"about":[{"href":"https:\/\/mensagensqueinspiram.com.br\/es\/wp-json\/wp\/v2\/types\/page"}],"author":[{"embeddable":true,"href":"https:\/\/mensagensqueinspiram.com.br\/es\/wp-json\/wp\/v2\/users\/1"}],"replies":[{"embeddable":true,"href":"https:\/\/mensagensqueinspiram.com.br\/es\/wp-json\/wp\/v2\/comments?post=406"}],"version-history":[{"count":3,"href":"https:\/\/mensagensqueinspiram.com.br\/es\/wp-json\/wp\/v2\/pages\/406\/revisions"}],"predecessor-version":[{"id":419,"href":"https:\/\/mensagensqueinspiram.com.br\/es\/wp-json\/wp\/v2\/pages\/406\/revisions\/419"}],"wp:attachment":[{"href":"https:\/\/mensagensqueinspiram.com.br\/es\/wp-json\/wp\/v2\/media?parent=406"}],"curies":[{"name":"wp","href":"https:\/\/api.w.org\/{rel}","templated":true}]}}