{"id":10,"date":"2024-12-23T23:12:45","date_gmt":"2024-12-23T23:12:45","guid":{"rendered":"https:\/\/mensagensqueinspiram.com.br\/?page_id=10"},"modified":"2024-12-24T00:10:22","modified_gmt":"2024-12-24T00:10:22","slug":"politica-de-cookies","status":"publish","type":"page","link":"https:\/\/mensagensqueinspiram.com.br\/fr\/politica-de-cookies\/","title":{"rendered":"Politique en mati\u00e8re de cookies"},"content":{"rendered":"<div id=\"ez-toc-container\" class=\"ez-toc-v2_0_82_2 counter-hierarchy ez-toc-counter ez-toc-custom ez-toc-container-direction\">\n<div class=\"ez-toc-title-container\">\n<p class=\"ez-toc-title\" style=\"cursor:inherit\">Index<\/p>\n<span class=\"ez-toc-title-toggle\"><a href=\"#\" class=\"ez-toc-pull-right ez-toc-btn ez-toc-btn-xs ez-toc-btn-default ez-toc-toggle\" aria-label=\"Toggle Table of Content\"><span class=\"ez-toc-js-icon-con\"><span class=\"\"><span class=\"eztoc-hide\" style=\"display:none;\">Basculer<\/span><span class=\"ez-toc-icon-toggle-span\"><svg style=\"fill: #150042;color:#150042\" xmlns=\"http:\/\/www.w3.org\/2000\/svg\" class=\"list-377408\" width=\"20px\" height=\"20px\" viewbox=\"0 0 24 24\" fill=\"none\"><path d=\"M6 6H4v2h2V6zm14 0H8v2h12V6zM4 11h2v2H4v-2zm16 0H8v2h12v-2zM4 16h2v2H4v-2zm16 0H8v2h12v-2z\" fill=\"currentColor\"><\/path><\/svg><svg style=\"fill: #150042;color:#150042\" class=\"arrow-unsorted-368013\" xmlns=\"http:\/\/www.w3.org\/2000\/svg\" width=\"10px\" height=\"10px\" viewbox=\"0 0 24 24\" version=\"1.2\" baseprofile=\"tiny\"><path d=\"M18.2 9.3l-6.2-6.3-6.2 6.3c-.2.2-.3.4-.3.7s.1.5.3.7c.2.2.4.3.7.3h11c.3 0 .5-.1.7-.3.2-.2.3-.5.3-.7s-.1-.5-.3-.7zM5.8 14.7l6.2 6.3 6.2-6.3c.2-.2.3-.5.3-.7s-.1-.5-.3-.7c-.2-.2-.4-.3-.7-.3h-11c-.3 0-.5.1-.7.3-.2.2-.3.5-.3.7s.1.5.3.7z\"\/><\/svg><\/span><\/span><\/span><\/a><\/span><\/div>\n<nav><ul class='ez-toc-list ez-toc-list-level-1 eztoc-toggle-hide-by-default' ><li class='ez-toc-page-1 ez-toc-heading-level-2'><a class=\"ez-toc-link ez-toc-heading-1\" href=\"https:\/\/mensagensqueinspiram.com.br\/fr\/politica-de-cookies\/#O_que_sao_Cookies\" >O que s\u00e3o Cookies?<\/a><\/li><li class='ez-toc-page-1 ez-toc-heading-level-2'><a class=\"ez-toc-link ez-toc-heading-2\" href=\"https:\/\/mensagensqueinspiram.com.br\/fr\/politica-de-cookies\/#Como_usamos_cookies\" >Como usamos cookies?<\/a><\/li><li class='ez-toc-page-1 ez-toc-heading-level-2'><a class=\"ez-toc-link ez-toc-heading-3\" href=\"https:\/\/mensagensqueinspiram.com.br\/fr\/politica-de-cookies\/#Tipos_de_Cookies_que_utilizamos\" >Tipos de Cookies que utilizamos<\/a><\/li><li class='ez-toc-page-1 ez-toc-heading-level-2'><a class=\"ez-toc-link ez-toc-heading-4\" href=\"https:\/\/mensagensqueinspiram.com.br\/fr\/politica-de-cookies\/#Gerenciar_preferencias_de_cookies\" >Gerenciar prefer\u00eancias de cookies<\/a><\/li><\/ul><\/nav><\/div>\n<p>Data de vig\u00eancia: 23 de dezembro de 2024<br \/>\n\u00daltima atualiza\u00e7\u00e3o: 23 de dezembro de 2024<\/p>\n<h2><span class=\"ez-toc-section\" id=\"O_que_sao_Cookies\"><\/span>O que s\u00e3o Cookies?<span class=\"ez-toc-section-end\"><\/span><\/h2>\n<p>Esta Pol\u00edtica de Cookies explica o que s\u00e3o cookies e como os utilizamos, os tipos de cookies que utilizamos, ou seja, as informa\u00e7\u00f5es que recolhemos atrav\u00e9s de cookies e como essas informa\u00e7\u00f5es s\u00e3o utilizadas, e como gerir as configura\u00e7\u00f5es de cookies.<\/p>\n<p>Cookies s\u00e3o pequenos arquivos de texto usados \u200b\u200bpara armazenar pequenas informa\u00e7\u00f5es. Eles s\u00e3o armazenados no seu dispositivo quando o site \u00e9 carregado no seu navegador. Estes cookies ajudam-nos a fazer com que o site funcione corretamente, torn\u00e1-lo mais seguro, proporcionar uma melhor experi\u00eancia ao utilizador e compreender o desempenho do site e analisar o que funciona e onde precisa de ser melhorado.<\/p>\n<h2><span class=\"ez-toc-section\" id=\"Como_usamos_cookies\"><\/span>Como usamos cookies?<span class=\"ez-toc-section-end\"><\/span><\/h2>\n<p>Tal como a maioria dos servi\u00e7os online, o nosso site utiliza cookies pr\u00f3prios e de terceiros para diversos fins. Os cookies prim\u00e1rios s\u00e3o principalmente necess\u00e1rios para que o site funcione corretamente e n\u00e3o coletam nenhum dos seus dados de identifica\u00e7\u00e3o pessoal.<\/p>\n<p>Os cookies de terceiros usados \u200b\u200bem nosso site s\u00e3o principalmente para entender o desempenho do site, como voc\u00ea interage com nosso site, manter nossos servi\u00e7os seguros, fornecer an\u00fancios que sejam relevantes para voc\u00ea e, em suma, fornecer-lhe um usu\u00e1rio melhor e melhorado. experi\u00eancia e ajudar a acelerar suas futuras intera\u00e7\u00f5es com nosso site.<\/p>\n<h2><span class=\"ez-toc-section\" id=\"Tipos_de_Cookies_que_utilizamos\"><\/span>Tipos de Cookies que utilizamos<span class=\"ez-toc-section-end\"><\/span><\/h2>\n<div class=\"cky-audit-table-element\"><\/div>\n<h2 style=\"margin-bottom: 20px;\"><span class=\"ez-toc-section\" id=\"Gerenciar_preferencias_de_cookies\"><\/span>Gerenciar prefer\u00eancias de cookies<span class=\"ez-toc-section-end\"><\/span><\/h2>\n<p><a class=\"cky-banner-element\">Configura\u00e7\u00f5es de cookies<\/a><\/p>\n<div>\n<p>Voc\u00ea pode alterar suas prefer\u00eancias de cookies a qualquer momento clicando no bot\u00e3o acima. Isso permitir\u00e1 que voc\u00ea revisite o banner de consentimento de cookies e altere suas prefer\u00eancias ou retire seu consentimento imediatamente.<\/p>\n<p>Al\u00e9m disso, diferentes navegadores oferecem diferentes m\u00e9todos para bloquear e excluir cookies usados \u200b\u200bpor sites. Voc\u00ea pode alterar as configura\u00e7\u00f5es do seu navegador para bloquear\/excluir os cookies. Listados abaixo est\u00e3o os links para os documentos de suporte sobre como gerenciar e excluir cookies dos principais navegadores da web.<\/p>\n<p>Cromo: <a href=\"https:\/\/support.google.com\/accounts\/answer\/32050\" target=\"_blank\" rel=\"noopener\">https:\/\/support.google.com\/accounts\/answer\/32050<\/a><\/p>\n<p>Saf\u00e1ri: <a href=\"https:\/\/support.apple.com\/en-in\/guide\/safari\/sfri11471\/mac\" target=\"_blank\" rel=\"noopener\">https:\/\/support.apple.com\/en-in\/guide\/safari\/sfri11471\/mac<\/a><\/p>\n<p>Raposa de fogo: <a href=\"https:\/\/support.mozilla.org\/en-US\/kb\/clear-cookies-and-site-data-firefox?redirectslug=delete-cookies-remove-info-websites-stored&amp;redirectlocale=en-US\" target=\"_blank\" rel=\"noopener\">https:\/\/support.mozilla.org\/en-US\/kb\/clear-cookies-and-site-data-firefox?redirectslug=delete-cookies-remove-info-websites-stored&amp;redirectlocale=en-US<\/a><\/p>\n<p>Internet Explorer: <a href=\"https:\/\/support.microsoft.com\/en-us\/topic\/how-to-delete-cookie-files-in-internet-explorer-bca9446f-d873-78de-77ba-d42645fa52fc\" target=\"_blank\" rel=\"noopener\">https:\/\/support.microsoft.com\/en-us\/topic\/how-to-delete-cookie-files-in-internet-explorer-bca9446f-d873-78de-77ba-d42645fa52fc<\/a><\/p>\n<p>Se voc\u00ea estiver usando qualquer outro navegador da web, visite os documentos oficiais de suporte do seu navegador.<\/p>\n<\/div>\n<p class=\"cookie-policy-p\">Cookie Policy Generated By <a href=\"https:\/\/www.cookieyes.com\/?utm_source=CP&amp;utm_medium=footer&amp;utm_campaign=UW\" target=\"_blank\" rel=\"noopener\">CookieYes &#8211; Cookie Policy Generator<\/a>.<\/p>","protected":false},"excerpt":{"rendered":"<p>Data de vig\u00eancia: 23 de dezembro de 2024 \u00daltima atualiza\u00e7\u00e3o: 23 de dezembro de 2024 O que s\u00e3o Cookies? Esta Pol\u00edtica de Cookies explica o que s\u00e3o cookies e como os utilizamos, os tipos de cookies que utilizamos, ou seja, as informa\u00e7\u00f5es que recolhemos atrav\u00e9s de cookies e como essas informa\u00e7\u00f5es s\u00e3o utilizadas, e como&#8230;<\/p>","protected":false},"author":1,"featured_media":0,"parent":0,"menu_order":0,"comment_status":"closed","ping_status":"closed","template":"","meta":{"rop_custom_images_group":[],"rop_custom_messages_group":[],"rop_publish_now":"initial","rop_publish_now_accounts":{"facebook_122186298128049666_540220039169035":""},"rop_publish_now_history":[],"rop_publish_now_status":"pending","rank_math_focus_keyword":"","rank_math_description":"","_kad_post_transparent":"","_kad_post_title":"","_kad_post_layout":"","_kad_post_sidebar_id":"","_kad_post_content_style":"","_kad_post_vertical_padding":"","_kad_post_feature":"","_kad_post_feature_position":"","_kad_post_header":false,"_kad_post_footer":false,"_kad_post_classname":"","footnotes":""},"class_list":["post-10","page","type-page","status-publish","hentry"],"jetpack_sharing_enabled":true,"_links":{"self":[{"href":"https:\/\/mensagensqueinspiram.com.br\/fr\/wp-json\/wp\/v2\/pages\/10","targetHints":{"allow":["GET"]}}],"collection":[{"href":"https:\/\/mensagensqueinspiram.com.br\/fr\/wp-json\/wp\/v2\/pages"}],"about":[{"href":"https:\/\/mensagensqueinspiram.com.br\/fr\/wp-json\/wp\/v2\/types\/page"}],"author":[{"embeddable":true,"href":"https:\/\/mensagensqueinspiram.com.br\/fr\/wp-json\/wp\/v2\/users\/1"}],"replies":[{"embeddable":true,"href":"https:\/\/mensagensqueinspiram.com.br\/fr\/wp-json\/wp\/v2\/comments?post=10"}],"version-history":[{"count":7,"href":"https:\/\/mensagensqueinspiram.com.br\/fr\/wp-json\/wp\/v2\/pages\/10\/revisions"}],"predecessor-version":[{"id":21,"href":"https:\/\/mensagensqueinspiram.com.br\/fr\/wp-json\/wp\/v2\/pages\/10\/revisions\/21"}],"wp:attachment":[{"href":"https:\/\/mensagensqueinspiram.com.br\/fr\/wp-json\/wp\/v2\/media?parent=10"}],"curies":[{"name":"wp","href":"https:\/\/api.w.org\/{rel}","templated":true}]}}