{"id":22,"date":"2024-12-24T00:31:07","date_gmt":"2024-12-24T00:31:07","guid":{"rendered":"https:\/\/mensagensqueinspiram.com.br\/?page_id=22"},"modified":"2024-12-24T00:43:10","modified_gmt":"2024-12-24T00:43:10","slug":"politique-de-confidentialite","status":"publish","type":"page","link":"https:\/\/mensagensqueinspiram.com.br\/fr\/politica-de-privacidade\/","title":{"rendered":"Politique de confidentialit\u00e9"},"content":{"rendered":"<div id=\"ez-toc-container\" class=\"ez-toc-v2_0_82_2 counter-hierarchy ez-toc-counter ez-toc-custom ez-toc-container-direction\">\n<div class=\"ez-toc-title-container\">\n<p class=\"ez-toc-title\" style=\"cursor:inherit\">Index<\/p>\n<span class=\"ez-toc-title-toggle\"><a href=\"#\" class=\"ez-toc-pull-right ez-toc-btn ez-toc-btn-xs ez-toc-btn-default ez-toc-toggle\" aria-label=\"Toggle Table of Content\"><span class=\"ez-toc-js-icon-con\"><span class=\"\"><span class=\"eztoc-hide\" style=\"display:none;\">Basculer<\/span><span class=\"ez-toc-icon-toggle-span\"><svg style=\"fill: #150042;color:#150042\" xmlns=\"http:\/\/www.w3.org\/2000\/svg\" class=\"list-377408\" width=\"20px\" height=\"20px\" viewbox=\"0 0 24 24\" fill=\"none\"><path d=\"M6 6H4v2h2V6zm14 0H8v2h12V6zM4 11h2v2H4v-2zm16 0H8v2h12v-2zM4 16h2v2H4v-2zm16 0H8v2h12v-2z\" fill=\"currentColor\"><\/path><\/svg><svg style=\"fill: #150042;color:#150042\" class=\"arrow-unsorted-368013\" xmlns=\"http:\/\/www.w3.org\/2000\/svg\" width=\"10px\" height=\"10px\" viewbox=\"0 0 24 24\" version=\"1.2\" baseprofile=\"tiny\"><path d=\"M18.2 9.3l-6.2-6.3-6.2 6.3c-.2.2-.3.4-.3.7s.1.5.3.7c.2.2.4.3.7.3h11c.3 0 .5-.1.7-.3.2-.2.3-.5.3-.7s-.1-.5-.3-.7zM5.8 14.7l6.2 6.3 6.2-6.3c.2-.2.3-.5.3-.7s-.1-.5-.3-.7c-.2-.2-.4-.3-.7-.3h-11c-.3 0-.5.1-.7.3-.2.2-.3.5-.3.7s.1.5.3.7z\"\/><\/svg><\/span><\/span><\/span><\/a><\/span><\/div>\n<nav><ul class='ez-toc-list ez-toc-list-level-1 eztoc-toggle-hide-by-default' ><li class='ez-toc-page-1 ez-toc-heading-level-2'><a class=\"ez-toc-link ez-toc-heading-1\" href=\"https:\/\/mensagensqueinspiram.com.br\/fr\/politica-de-privacidade\/#Alteracoes_na_Politica_de_Privacidade\" >Modifications apport\u00e9es \u00e0 la politique de confidentialit\u00e9<\/a><\/li><li class='ez-toc-page-1 ez-toc-heading-level-2'><a class=\"ez-toc-link ez-toc-heading-2\" href=\"https:\/\/mensagensqueinspiram.com.br\/fr\/politica-de-privacidade\/#Seus_direitos\" >Vos droits :<\/a><\/li><li class='ez-toc-page-1 ez-toc-heading-level-2'><a class=\"ez-toc-link ez-toc-heading-3\" href=\"https:\/\/mensagensqueinspiram.com.br\/fr\/politica-de-privacidade\/#Cookies_Etc\" >Cookies, etc.<\/a><\/li><li class='ez-toc-page-1 ez-toc-heading-level-2'><a class=\"ez-toc-link ez-toc-heading-4\" href=\"https:\/\/mensagensqueinspiram.com.br\/fr\/politica-de-privacidade\/#Seguranca\" >S\u00e9curit\u00e9 :<\/a><\/li><li class='ez-toc-page-1 ez-toc-heading-level-2'><a class=\"ez-toc-link ez-toc-heading-5\" href=\"https:\/\/mensagensqueinspiram.com.br\/fr\/politica-de-privacidade\/#Links_de_terceiros_e_uso_de_suas_informacoes\" >Liens vers des sites tiers et utilisation de vos informations :<\/a><\/li><li class='ez-toc-page-1 ez-toc-heading-level-2'><a class=\"ez-toc-link ez-toc-heading-6\" href=\"https:\/\/mensagensqueinspiram.com.br\/fr\/politica-de-privacidade\/#ReclamacoesResponsavel_pela_Protecao_de_Dados\" >R\u00e9clamations\/Responsable de la protection des donn\u00e9es :<\/a><\/li><\/ul><\/nav><\/div>\n\n<p>Derni\u00e8re mise \u00e0 jour le 24 d\u00e9cembre 2024<\/p>\n\n\n\n<p>A <strong><a href=\"https:\/\/mensagensqueinspiram.com.br\/fr\/\">Messages inspirants<\/a><\/strong> e-mail : mensagensqueinspiram04@gmail.com \u00e9tablit dans la pr\u00e9sente Politique de confidentialit\u00e9 les directives relatives \u00e0 la collecte, \u00e0 l'utilisation et au partage des informations obtenues lors de l'utilisation de notre site web : <a href=\"https:\/\/mensagensqueinspiram.com.br\/fr\/\">https:\/\/mensagensqueinspiram.com.br<\/a> (le \u201c Service \u201d).<\/p>\n\n\n\n<p>En acc\u00e9dant ou en utilisant le Service, vous acceptez la collecte, l'utilisation et le partage de vos informations comme d\u00e9crit dans la pr\u00e9sente Politique. Si vous n'acceptez pas ces conditions, nous vous demandons de ne pas acc\u00e9der ni utiliser le Service.<\/p>\n\n\n\n<h2 class=\"wp-block-heading\"><span class=\"ez-toc-section\" id=\"Alteracoes_na_Politica_de_Privacidade\"><\/span>Modifications apport\u00e9es \u00e0 la politique de confidentialit\u00e9<span class=\"ez-toc-section-end\"><\/span><\/h2>\n\n\n\n<p>Cette politique de confidentialit\u00e9 peut \u00eatre mise \u00e0 jour \u00e0 tout moment, sans pr\u00e9avis. La nouvelle version sera publi\u00e9e sur le site web et entrera en vigueur 180 jours apr\u00e8s sa publication. L'utilisation continue du service apr\u00e8s cette p\u00e9riode sera consid\u00e9r\u00e9e comme une acceptation de la nouvelle politique de confidentialit\u00e9.<\/p>\n\n\n\n<p>Nous vous recommandons de consulter r\u00e9guli\u00e8rement cette page pour vous tenir inform\u00e9 des \u00e9ventuelles modifications.<\/p>\n\n\n\n<h2 class=\"wp-block-heading\"><span class=\"ez-toc-section\" id=\"Seus_direitos\"><\/span>Vos droits :<span class=\"ez-toc-section-end\"><\/span><\/h2>\n\n\n\n<p>En fonction de la loi applicable, vous pouvez avoir le droit d'acc\u00e9der \u00e0 vos donn\u00e9es personnelles, de les rectifier ou de les supprimer, ou d'en recevoir une copie, de restreindre ou de vous opposer au traitement actif de vos donn\u00e9es, de nous demander de partager (transf\u00e9rer) vos informations personnelles \u00e0 une autre entit\u00e9, de retirer tout consentement que vous nous avez donn\u00e9 pour traiter vos donn\u00e9es, le droit de d\u00e9poser une plainte aupr\u00e8s d'une autorit\u00e9 statutaire et d'autres droits qui peuvent \u00eatre pertinents en vertu des lois applicables. <\/p>\n\n\n\n<p>Pour exercer ces droits, vous pouvez nous \u00e9crire \u00e0 l'adresse mensagensqueinspiram04@gmail.com. Nous r\u00e9pondrons \u00e0 votre demande conform\u00e9ment \u00e0 la loi applicable.<\/p>\n\n\n\n<p>Veuillez noter que si vous ne nous autorisez pas \u00e0 collecter ou \u00e0 traiter les informations personnelles n\u00e9cessaires, ou si vous retirez votre consentement au traitement de ces informations aux fins requises, vous ne pourrez peut-\u00eatre pas acc\u00e9der aux services pour lesquels vos informations ont \u00e9t\u00e9 demand\u00e9es ni les utiliser.<\/p>\n\n\n\n<h2 class=\"wp-block-heading\"><span class=\"ez-toc-section\" id=\"Cookies_Etc\"><\/span>Cookies, etc.<span class=\"ez-toc-section-end\"><\/span><\/h2>\n\n\n\n<p>Pour en savoir plus sur la mani\u00e8re dont nous utilisons ces technologies et vos choix \u00e0 leur \u00e9gard, consultez notre <a href=\"https:\/\/mensagensqueinspiram.com.br\/fr\/politica-de-cookies\/\" target=\"_blank\" rel=\"noreferrer noopener\">Politique en mati\u00e8re de cookies<\/a>.<\/p>\n\n\n\n<h2 class=\"wp-block-heading\"><span class=\"ez-toc-section\" id=\"Seguranca\"><\/span>S\u00e9curit\u00e9 :<span class=\"ez-toc-section-end\"><\/span><\/h2>\n\n\n\n<p>La s\u00e9curit\u00e9 de vos informations est importante pour nous et nous mettrons en \u0153uvre des mesures de s\u00e9curit\u00e9 raisonnables pour \u00e9viter la perte, l'utilisation abusive ou la modification non autoris\u00e9e de vos informations sous notre contr\u00f4le. <\/p>\n\n\n\n<p>Cependant, compte tenu des risques inh\u00e9rents, nous ne pouvons garantir une s\u00e9curit\u00e9 absolue et, par cons\u00e9quent, nous ne pouvons garantir ni assurer la s\u00e9curit\u00e9 des informations que vous nous transmettez, et vous le faites \u00e0 vos propres risques.<\/p>\n\n\n\n<h2 class=\"wp-block-heading\"><span class=\"ez-toc-section\" id=\"Links_de_terceiros_e_uso_de_suas_informacoes\"><\/span>Liens vers des sites tiers et utilisation de vos informations :<span class=\"ez-toc-section-end\"><\/span><\/h2>\n\n\n\n<p>Notre service peut contenir des liens vers d'autres sites web qui ne sont pas exploit\u00e9s par nous. La pr\u00e9sente politique de confidentialit\u00e9 ne traite pas des politiques de confidentialit\u00e9 et autres pratiques de tiers, y compris les tiers qui exploitent tout site web ou service accessible via un lien sur le service. <\/p>\n\n\n\n<p>Nous vous recommandons vivement de consulter la politique de confidentialit\u00e9 de chaque site que vous visitez. Nous n'avons aucun contr\u00f4le et n'assumons aucune responsabilit\u00e9 quant au contenu, aux politiques de confidentialit\u00e9 ou aux pratiques des sites ou services tiers.<\/p>\n\n\n\n<h2 class=\"wp-block-heading\"><span class=\"ez-toc-section\" id=\"ReclamacoesResponsavel_pela_Protecao_de_Dados\"><\/span>R\u00e9clamations\/Responsable de la protection des donn\u00e9es :<span class=\"ez-toc-section-end\"><\/span><\/h2>\n\n\n\n<p>Si vous avez des questions ou des pr\u00e9occupations concernant le traitement des informations dont nous disposons \u00e0 votre sujet, vous pouvez envoyer un e-mail \u00e0 notre responsable des r\u00e9clamations \u00e0 l'adresse <a href=\"https:\/\/mensagensqueinspiram.com.br\/fr\/\">Messages inspirants<\/a>, e-mail : mensagensqueinspiram04@gmail.com. <\/p>\n\n\n\n<p>Nous traiterons vos pr\u00e9occupations conform\u00e9ment \u00e0 la loi applicable.<\/p>\n\n\n\n<p>Politique de confidentialit\u00e9 g\u00e9n\u00e9r\u00e9e avec CookieYes.<\/p>","protected":false},"excerpt":{"rendered":"<p>\u00daltima atualiza\u00e7\u00e3o em 24-dez-2024 A Mensagens que Inspiram e-mail: mensagensqueinspiram04@gmail.com estabelece nesta Pol\u00edtica de Privacidade as diretrizes para a coleta, uso e compartilhamento das informa\u00e7\u00f5es obtidas durante o uso do nosso site: https:\/\/mensagensqueinspiram.com.br (o &#8220;Servi\u00e7o&#8221;). Ao acessar ou utilizar o Servi\u00e7o, voc\u00ea concorda com a coleta, o uso e o compartilhamento das suas informa\u00e7\u00f5es conforme&#8230;<\/p>","protected":false},"author":1,"featured_media":0,"parent":0,"menu_order":0,"comment_status":"closed","ping_status":"closed","template":"","meta":{"rop_custom_images_group":[],"rop_custom_messages_group":[],"rop_publish_now":"initial","rop_publish_now_accounts":{"facebook_122186298128049666_540220039169035":""},"rop_publish_now_history":[],"rop_publish_now_status":"pending","rank_math_focus_keyword":"","rank_math_description":"","_kad_post_transparent":"","_kad_post_title":"","_kad_post_layout":"","_kad_post_sidebar_id":"","_kad_post_content_style":"","_kad_post_vertical_padding":"","_kad_post_feature":"","_kad_post_feature_position":"","_kad_post_header":false,"_kad_post_footer":false,"_kad_post_classname":"","footnotes":""},"class_list":["post-22","page","type-page","status-publish","hentry"],"jetpack_sharing_enabled":true,"_links":{"self":[{"href":"https:\/\/mensagensqueinspiram.com.br\/fr\/wp-json\/wp\/v2\/pages\/22","targetHints":{"allow":["GET"]}}],"collection":[{"href":"https:\/\/mensagensqueinspiram.com.br\/fr\/wp-json\/wp\/v2\/pages"}],"about":[{"href":"https:\/\/mensagensqueinspiram.com.br\/fr\/wp-json\/wp\/v2\/types\/page"}],"author":[{"embeddable":true,"href":"https:\/\/mensagensqueinspiram.com.br\/fr\/wp-json\/wp\/v2\/users\/1"}],"replies":[{"embeddable":true,"href":"https:\/\/mensagensqueinspiram.com.br\/fr\/wp-json\/wp\/v2\/comments?post=22"}],"version-history":[{"count":4,"href":"https:\/\/mensagensqueinspiram.com.br\/fr\/wp-json\/wp\/v2\/pages\/22\/revisions"}],"predecessor-version":[{"id":28,"href":"https:\/\/mensagensqueinspiram.com.br\/fr\/wp-json\/wp\/v2\/pages\/22\/revisions\/28"}],"wp:attachment":[{"href":"https:\/\/mensagensqueinspiram.com.br\/fr\/wp-json\/wp\/v2\/media?parent=22"}],"curies":[{"name":"wp","href":"https:\/\/api.w.org\/{rel}","templated":true}]}}