{"id":406,"date":"2025-01-04T13:56:46","date_gmt":"2025-01-04T16:56:46","guid":{"rendered":"https:\/\/mensagensqueinspiram.com.br\/?page_id=406"},"modified":"2025-01-04T13:56:50","modified_gmt":"2025-01-04T16:56:50","slug":"a-propos-de-nous","status":"publish","type":"page","link":"https:\/\/mensagensqueinspiram.com.br\/fr\/sobre-nos\/","title":{"rendered":"\u00c0 propos de nous"},"content":{"rendered":"<p>Bienvenue sur <strong>\u201c<a href=\"https:\/\/mensagensqueinspiram.com.br\/fr\/\">Messages inspirants<\/a>&#8220;!<\/strong><\/p>\n\n\n\n<p>Je m'appelle Jo\u00e3o Paulo, et je suis le cr\u00e9ateur de cet espace d\u00e9di\u00e9 \u00e0 la diffusion <a href=\"https:\/\/mensagensqueinspiram.com.br\/fr\/a-dose-diaria-de-inspiracao\/\">inspiration<\/a>, <a href=\"https:\/\/mensagensqueinspiram.com.br\/fr\/acredite-em-si-mesmo\/\">motivation<\/a> e <a href=\"https:\/\/mensagensqueinspiram.com.br\/fr\/a-forca-da-positividade\/\">positivit\u00e9<\/a> \u00e0 travers les mots. <\/p>\n\n\n\n<p>Desde sempre, sou apaixonado por frases marcantes, mensagens motivacionais e hist\u00f3rias que tocam o cora\u00e7\u00e3o.<\/p>\n\n\n\n<p>Acredito no poder transformador das palavras e na capacidade que elas t\u00eam de nos ajudar a enxergar a vida com novos olhos, superar desafios e encontrar for\u00e7a nas pequenas coisas.<\/p>\n\n\n\n<p>O <strong>\u201c<a href=\"https:\/\/mensagensqueinspiram.com.br\/fr\/\">Messages inspirants<\/a>\u201c<\/strong> est n\u00e9 de cet amour pour le partage de messages qui suscitent des \u00e9motions et apportent du r\u00e9confort. <\/p>\n\n\n\n<p>Aqui voc\u00ea encontrar\u00e1 uma curadoria cuidadosa de frases inspiradoras, textos reflexivos e hist\u00f3rias emocionantes que t\u00eam o objetivo de iluminar seu dia e tocar sua alma.<\/p>\n\n\n\n<p>Ce blog est plus qu'un recueil de belles paroles ; c'est une invitation \u00e0 ralentir, \u00e0 r\u00e9fl\u00e9chir et \u00e0 se connecter \u00e0 ce qui compte vraiment. <\/p>\n\n\n\n<p>C'est un espace con\u00e7u pour ceux qui recherchent la motivation, une nouvelle perspective ou simplement un moment de pause dans le tourbillon du quotidien.<\/p>\n\n\n\n<p>Si vous souhaitez en savoir plus sur le blog, collaborer ou simplement \u00e9changer des id\u00e9es, je suis toujours ouvert \u00e0 la discussion. <\/p>\n\n\n\n<p>Pour cela, vous pouvez remplir notre formulaire de contact en cliquant sur le lien ci-dessous :<br>\ud83d\udc49 <a href=\"https:\/\/mensagensqueinspiram.com.br\/fr\/formulario-de-contato\/\">Formulaire de contact<\/a><\/p>\n\n\n\n<p>Faites comme chez vous, explorez le contenu et laissez-vous inspirer. Merci de m'accompagner dans cette aventure ! \ud83c\udf1f<\/p>","protected":false},"excerpt":{"rendered":"<p>Bem-vindo ao &#8220;Mensagens que Inspiram&#8220;! Meu nome \u00e9 Jo\u00e3o Paulo, e sou o criador deste espa\u00e7o dedicado a espalhar inspira\u00e7\u00e3o, motiva\u00e7\u00e3o e positividade atrav\u00e9s de palavras. Desde sempre, sou apaixonado por frases marcantes, mensagens motivacionais e hist\u00f3rias que tocam o cora\u00e7\u00e3o. Acredito no poder transformador das palavras e na capacidade que elas t\u00eam de nos&#8230;<\/p>","protected":false},"author":1,"featured_media":0,"parent":0,"menu_order":0,"comment_status":"closed","ping_status":"closed","template":"","meta":{"rop_custom_images_group":[],"rop_custom_messages_group":[],"rop_publish_now":"initial","rop_publish_now_accounts":{"facebook_122186298128049666_540220039169035":""},"rop_publish_now_history":[],"rop_publish_now_status":"pending","rank_math_focus_keyword":"Sobre N\u00f3s","rank_math_description":"","_kad_post_transparent":"","_kad_post_title":"","_kad_post_layout":"","_kad_post_sidebar_id":"","_kad_post_content_style":"","_kad_post_vertical_padding":"","_kad_post_feature":"","_kad_post_feature_position":"","_kad_post_header":false,"_kad_post_footer":false,"_kad_post_classname":"","footnotes":""},"class_list":["post-406","page","type-page","status-publish","hentry"],"jetpack_sharing_enabled":true,"_links":{"self":[{"href":"https:\/\/mensagensqueinspiram.com.br\/fr\/wp-json\/wp\/v2\/pages\/406","targetHints":{"allow":["GET"]}}],"collection":[{"href":"https:\/\/mensagensqueinspiram.com.br\/fr\/wp-json\/wp\/v2\/pages"}],"about":[{"href":"https:\/\/mensagensqueinspiram.com.br\/fr\/wp-json\/wp\/v2\/types\/page"}],"author":[{"embeddable":true,"href":"https:\/\/mensagensqueinspiram.com.br\/fr\/wp-json\/wp\/v2\/users\/1"}],"replies":[{"embeddable":true,"href":"https:\/\/mensagensqueinspiram.com.br\/fr\/wp-json\/wp\/v2\/comments?post=406"}],"version-history":[{"count":3,"href":"https:\/\/mensagensqueinspiram.com.br\/fr\/wp-json\/wp\/v2\/pages\/406\/revisions"}],"predecessor-version":[{"id":419,"href":"https:\/\/mensagensqueinspiram.com.br\/fr\/wp-json\/wp\/v2\/pages\/406\/revisions\/419"}],"wp:attachment":[{"href":"https:\/\/mensagensqueinspiram.com.br\/fr\/wp-json\/wp\/v2\/media?parent=406"}],"curies":[{"name":"wp","href":"https:\/\/api.w.org\/{rel}","templated":true}]}}